{"id":4376,"date":"2025-12-10T15:41:15","date_gmt":"2025-12-10T15:41:15","guid":{"rendered":"https:\/\/eyoa.de\/?page_id=4376"},"modified":"2026-03-26T08:42:12","modified_gmt":"2026-03-26T08:42:12","slug":"pressestimmen","status":"publish","type":"page","link":"https:\/\/eyoa.de\/en\/media\/pressestimmen\/","title":{"rendered":"Press reviews"},"content":{"rendered":"<div data-elementor-type=\"wp-page\" data-elementor-id=\"4376\" class=\"elementor elementor-4376\" data-elementor-post-type=\"page\">\n\t\t\t\t<div class=\"elementor-element elementor-element-4cd02f7e e-con-full e-flex e-con e-parent\" data-id=\"4cd02f7e\" data-element_type=\"container\" data-e-type=\"container\">\n\t\t\t\t<div class=\"elementor-element elementor-element-1fbbc338 elementor-widget-divider--view-line elementor-widget elementor-widget-divider\" data-id=\"1fbbc338\" data-element_type=\"widget\" data-e-type=\"widget\" data-widget_type=\"divider.default\">\n\t\t\t\t\t\t\t<div class=\"elementor-divider\">\n\t\t\t<span class=\"elementor-divider-separator\">\n\t\t\t\t\t\t<\/span>\n\t\t<\/div>\n\t\t\t\t\t\t<\/div>\n\t\t\t\t<div class=\"elementor-element elementor-element-e1a340a elementor-widget elementor-widget-heading\" data-id=\"e1a340a\" data-element_type=\"widget\" data-e-type=\"widget\" data-widget_type=\"heading.default\">\n\t\t\t\t\t<h2 class=\"elementor-heading-title elementor-size-default\">Pressestimmen EYOA 2025<\/h2>\t\t\t\t<\/div>\n\t\t\t\t<\/div>\n\t\t<div class=\"elementor-element elementor-element-71a112af e-con-full e-flex e-con e-parent\" data-id=\"71a112af\" data-element_type=\"container\" data-e-type=\"container\">\n\t\t<div class=\"elementor-element elementor-element-52f4bc5d e-con-full e-flex e-con e-child\" data-id=\"52f4bc5d\" data-element_type=\"container\" data-e-type=\"container\">\n\t\t\t\t<div class=\"elementor-element elementor-element-723d926 elementor-widget elementor-widget-heading\" data-id=\"723d926\" data-element_type=\"widget\" data-e-type=\"widget\" data-widget_type=\"heading.default\">\n\t\t\t\t\t<h2 class=\"elementor-heading-title elementor-size-default\">Radio-Reportagen\n<\/h2>\t\t\t\t<\/div>\n\t\t\t\t<div class=\"elementor-element elementor-element-7b10e82b elementor-widget elementor-widget-text-editor\" data-id=\"7b10e82b\" data-element_type=\"widget\" data-e-type=\"widget\" data-widget_type=\"text-editor.default\">\n\t\t\t\t\t\t\t\t\t<ul><li><a href=\"https:\/\/kultur-at-home.de\/wp-content\/uploads\/2025\/04\/eyoa-mannheim.mp3\"><strong>Beitrag von SWR-Redakteur Wolfgang Kessel<\/strong> in <strong>SWR Kultur<br \/><\/strong>vom 17.04.25<\/a><\/li><li><a href=\"https:\/\/kultur-at-home.de\/wp-content\/uploads\/2025\/04\/EYOA.mp3\" target=\"_blank\" rel=\"noopener\"><strong>Beitrag von SWR-Redakteur Wolfgang Kessel<\/strong> in <strong>SWR Aktuell<\/strong> vom 16.04.25<\/a><\/li><\/ul><p>\u00a0<\/p><p>\u00a0<\/p>\t\t\t\t\t\t\t\t<\/div>\n\t\t\t\t<div class=\"elementor-element elementor-element-7fd5fff2 elementor-widget elementor-widget-heading\" data-id=\"7fd5fff2\" data-element_type=\"widget\" data-e-type=\"widget\" data-widget_type=\"heading.default\">\n\t\t\t\t\t<h2 class=\"elementor-heading-title elementor-size-default\">Print-Artikel<\/h2>\t\t\t\t<\/div>\n\t\t\t\t<div class=\"elementor-element elementor-element-141f9e73 elementor-widget elementor-widget-text-editor\" data-id=\"141f9e73\" data-element_type=\"widget\" data-e-type=\"widget\" data-widget_type=\"text-editor.default\">\n\t\t\t\t\t\t\t\t\t<ul><li><a href=\"https:\/\/www.ioco.de\/mannheim-eurpean-youth-orchestra-academy-2026-ioco\/\" target=\"_blank\" rel=\"noopener\"><strong>Mannheim, European Youth Orchestra Academy 2026<\/strong><\/a><br \/>Artikel von Uschi Reifenberg, <strong>IOCO.de, Kultur im Netz<\/strong> vom 23.03.26<\/li><li><strong><a href=\"https:\/\/www.ioco.de\/mannheim-opal-konzert-der-european-youth-orchestra-academy-ioco\/\" target=\"_blank\" rel=\"noopener\">Mannheim, Opal, Konzert der European Youth Orchestra Academy<\/a><\/strong><br \/>Artikel von Uschi Reifenberg, <strong>IOCO.de, Kultur im Netz<\/strong> vom 25.04.25<\/li><li><a href=\"https:\/\/www.rheinpfalz.de\/lokal\/ludwigshafen_artikel,-b%C3%BChnenreife-nachwuchstalente-_arid,5765968.html\" target=\"_blank\" rel=\"noopener\"><strong>B\u00fchnenreife Nachwuchstalente<\/strong><\/a><br \/>Artikel von Christian Berger in der <strong>Rheinpfalz<\/strong> am 21.04.2025<\/li><li><a href=\"https:\/\/kultur-at-home.de\/wp-content\/uploads\/2025\/04\/250422-MM-Kultur-1.pdf\" target=\"_blank\" rel=\"noopener\"><strong>Erfrischend bis erhebend.<\/strong><\/a><br \/>Artikel von Hans-G\u00fcnter Fischer. E-Paper im <strong>MM Kultur<\/strong> am 22.04.2025<\/li><li><strong>Br\u00fccken gebaut \u00fcber Genre<\/strong><strong>s hinweg.<\/strong> <strong>European Youth Orchestr Academy gab ihr Abschlusskonzert in der Oper am Luisenpark.<\/strong><br \/>Artikel von Manfred Ofer in der <strong>RNZ<\/strong> am 22.04.202<\/li><li><a href=\"https:\/\/kultur-at-home.de\/wp-content\/uploads\/2025\/04\/17.4.25-Mannheim-European-Youth-Orchestra-Academy-Pressegespraech-IOCO.pdf\" target=\"_blank\" rel=\"noopener\"><strong>Spielpl\u00e4ne: Mannheim, European Youth Orchestra Academy, Pressegespr\u00e4ch IOCO<\/strong><\/a><br \/>Artikel von Uschi Reifenberg, <strong>IOCO.de, Kultur im Netz<\/strong> vom 17.04.25 <a href=\"https:\/\/kultur-at-home.de\/wp-content\/uploads\/2025\/04\/250420-IOCO.pdf\" target=\"_blank\" rel=\"noopener\">(PDF)<\/a><\/li><li><strong><a href=\"https:\/\/kultur-at-home.de\/wp-content\/uploads\/2025\/04\/250417-MM-Lokal-17.4.25.pdf\" target=\"_blank\" rel=\"noopener\">Frieden und Freundschaft. Konzert: European Youth Orchestra Academy in der OPAL<\/a><\/strong><br \/>Red.<strong> MM<\/strong> am 17.04.25<\/li><li><strong><a href=\"https:\/\/kultur-at-home.de\/wp-content\/uploads\/2025\/04\/250415-Mannh.Morgen-Ausg.16.4.-.pdf\" target=\"_blank\" rel=\"noopener\">\u201eMan muss aufpassen, kein Fachidiot zu werden\u201c<\/a>. <\/strong>Interview mit Pianist Fabian M\u00fcller.<br \/>Artikel von Stefan M. Dettlinger <strong>MM<\/strong> Kultur am 16.04.25<\/li><li><a href=\"https:\/\/kultur-at-home.de\/wp-content\/uploads\/2025\/04\/250416-https_e-paper-reader.mannheimer-morgen.de_mamobeilagen_568_scripts__moduleprintpages67vl_platformdesktopvl_app_iddk.e-pages.mamobeilagenvl_app_version1.22.09.pdf\" target=\"_blank\" rel=\"noopener\"><strong>Au\u00dfergew\u00f6hnliche Performance<\/strong><\/a> European Youth Orchestra Academy: 50 junge Musiktalente aus 21 L\u00e4ndern der EU, Gro\u00dfbritannien und der Ukraine zeigen ihr K\u00f6nnen.<br \/>pr\/ E-Paper-Artikel in <strong>MM<\/strong> April 2025<\/li><li><a href=\"https:\/\/kultur-at-home.de\/wp-content\/uploads\/2025\/03\/MM-E-Paper-29.1.25-MM-Kulturseite-1.pdf\" target=\"_blank\" rel=\"noopener\"><strong>Junge Talente zeigen ihr K\u00f6nnen. Jugendorchester: Konzert der EYOA an Ostern<\/strong><\/a><br \/>Artikel\/ Vorbericht von red im <strong>MM Kultur<\/strong> vom 29.01.202<\/li><\/ul>\t\t\t\t\t\t\t\t<\/div>\n\t\t\t\t<\/div>\n\t\t<div class=\"elementor-element elementor-element-1b652cfd e-con-full e-flex e-con e-child\" data-id=\"1b652cfd\" data-element_type=\"container\" data-e-type=\"container\">\n\t\t\t\t<div class=\"elementor-element elementor-element-516a405b elementor-widget elementor-widget-heading\" data-id=\"516a405b\" data-element_type=\"widget\" data-e-type=\"widget\" data-widget_type=\"heading.default\">\n\t\t\t\t\t<h2 class=\"elementor-heading-title elementor-size-default\">Fernseh-Beitr\u00e4ge\n<\/h2>\t\t\t\t<\/div>\n\t\t\t\t<div class=\"elementor-element elementor-element-1e98f1f3 elementor-widget elementor-widget-text-editor\" data-id=\"1e98f1f3\" data-element_type=\"widget\" data-e-type=\"widget\" data-widget_type=\"text-editor.default\">\n\t\t\t\t\t\t\t\t\t<ul><li><strong><a href=\"https:\/\/www.rnf.de\/\" target=\"_blank\" rel=\"noopener\">RNF (Rhein-Neckar-Fernsehen)<\/a> \u00fcbertr\u00e4gt das gro\u00dfe Europa Galakonzert der EYOA 2025<\/strong><br \/><strong>Sendetermin: 01.05.2025 um 21 h<\/strong> \u2013den Stream findet ihr unter <a href=\"https:\/\/www.rnf.de\/\" target=\"_blank\" rel=\"noopener\">https:\/\/www.rnf.de\/<\/a><\/li><li><a href=\"https:\/\/www.rnf.de\/mediathek\/video\/european-youth-orchestra-academy-55-musiker-aus-17-europaeischen-laendern-lassen-musikmagie-erklingen\/\" target=\"_blank\" rel=\"noopener\"><strong>RNF Vorbericht EYOA Galakonzert <\/strong><\/a>am Ostersamstag in der Mannheimer OPAL<strong><br \/><\/strong>Studiogast: EYOA-Organisator Michel Maug\u00e9<strong><br \/><\/strong>vom 17.04.25<\/li><\/ul>\t\t\t\t\t\t\t\t<\/div>\n\t\t\t\t<div class=\"elementor-element elementor-element-6a2867d elementor-widget elementor-widget-image\" data-id=\"6a2867d\" data-element_type=\"widget\" data-e-type=\"widget\" data-widget_type=\"image.default\">\n\t\t\t\t\t\t\t\t\t\t\t\t\t\t\t<img fetchpriority=\"high\" decoding=\"async\" width=\"600\" height=\"337\" src=\"https:\/\/eyoa.de\/wp-content\/uploads\/2025\/10\/mauge_rnf.png\" class=\"attachment-large size-large wp-image-4138\" alt=\"\" srcset=\"https:\/\/eyoa.de\/wp-content\/uploads\/2025\/10\/mauge_rnf.png 600w, https:\/\/eyoa.de\/wp-content\/uploads\/2025\/10\/mauge_rnf-300x169.png 300w, https:\/\/eyoa.de\/wp-content\/uploads\/2025\/10\/mauge_rnf-18x10.png 18w\" sizes=\"(max-width: 600px) 100vw, 600px\" \/>\t\t\t\t\t\t\t\t\t\t\t\t\t\t\t<\/div>\n\t\t\t\t<div class=\"elementor-element elementor-element-2a376523 elementor-widget elementor-widget-image\" data-id=\"2a376523\" data-element_type=\"widget\" data-e-type=\"widget\" data-widget_type=\"image.default\">\n\t\t\t\t\t\t\t\t\t\t\t\t<figure class=\"wp-caption\">\n\t\t\t\t\t\t\t\t\t\t\t<a href=\"https:\/\/www.rnf.de\/mediathek\/video\/european-youth-orchestra-academy-55-musiker-aus-17-europaeischen-laendern-lassen-musikmagie-erklingen\/\">\n\t\t\t\t\t\t\t<img decoding=\"async\" width=\"600\" height=\"400\" src=\"https:\/\/eyoa.de\/wp-content\/uploads\/2025\/10\/eyoa_2025_konzert.jpg\" class=\"attachment-large size-large wp-image-4143\" alt=\"\" srcset=\"https:\/\/eyoa.de\/wp-content\/uploads\/2025\/10\/eyoa_2025_konzert.jpg 600w, https:\/\/eyoa.de\/wp-content\/uploads\/2025\/10\/eyoa_2025_konzert-300x200.jpg 300w, https:\/\/eyoa.de\/wp-content\/uploads\/2025\/10\/eyoa_2025_konzert-18x12.jpg 18w\" sizes=\"(max-width: 600px) 100vw, 600px\" \/>\t\t\t\t\t\t\t\t<\/a>\n\t\t\t\t\t\t\t\t\t\t\t<figcaption class=\"widget-image-caption wp-caption-text\">Vorbericht EYOA RNF vom 17.04.2025<\/figcaption>\n\t\t\t\t\t\t\t\t\t\t<\/figure>\n\t\t\t\t\t\t\t\t\t<\/div>\n\t\t\t\t<div class=\"elementor-element elementor-element-3a9ed34c elementor-widget elementor-widget-heading\" data-id=\"3a9ed34c\" data-element_type=\"widget\" data-e-type=\"widget\" data-widget_type=\"heading.default\">\n\t\t\t\t\t<h2 class=\"elementor-heading-title elementor-size-default\">Mannheims OB Christian Specht auf Facebook<\/h2>\t\t\t\t<\/div>\n\t\t\t\t<\/div>\n\t\t\t\t<\/div>\n\t\t<div class=\"elementor-element elementor-element-5ee7df3e e-con-full e-flex e-con e-parent\" data-id=\"5ee7df3e\" data-element_type=\"container\" data-e-type=\"container\">\n\t\t<div class=\"elementor-element elementor-element-45ff8ea5 e-con-full e-flex e-con e-child\" data-id=\"45ff8ea5\" data-element_type=\"container\" data-e-type=\"container\">\n\t\t\t\t<div class=\"elementor-element elementor-element-15632fe4 elementor-widget elementor-widget-heading\" data-id=\"15632fe4\" data-element_type=\"widget\" data-e-type=\"widget\" data-widget_type=\"heading.default\">\n\t\t\t\t\t<h2 class=\"elementor-heading-title elementor-size-default\">Erinnerungen zum Nachh\u00f6ren<\/h2>\t\t\t\t<\/div>\n\t\t\t\t<div class=\"elementor-element elementor-element-62cdaee elementor-widget elementor-widget-heading\" data-id=\"62cdaee\" data-element_type=\"widget\" data-e-type=\"widget\" data-widget_type=\"heading.default\">\n\t\t\t\t\t<h5 class=\"elementor-heading-title elementor-size-default\">Die komplette Aufnahme online!<\/h5>\t\t\t\t<\/div>\n\t\t\t\t<div class=\"elementor-element elementor-element-68ad8e4f elementor-widget elementor-widget-text-editor\" data-id=\"68ad8e4f\" data-element_type=\"widget\" data-e-type=\"widget\" data-widget_type=\"text-editor.default\">\n\t\t\t\t\t\t\t\t\t<p>Das Europa-Konzert der European Youth Orchestra Academy im April 2025 in der Mannheimer OPAL hat das Publikum begeistert \u2013 mit G\u00e4nsehautmomenten, gl\u00e4nzenden Soli und 56 jungen Musiker:innen aus 17 L\u00e4ndern.\u2028 Die kompletten Aufnahmen auf YouTube.<\/p><p><span style=\"color: #ff6600;\">\u25b6\ufe0f <a style=\"color: #ff6600;\" href=\"https:\/\/youtu.be\/SNToUCbOPrQ\" target=\"_blank\" rel=\"noopener\">Cannabich. Les f\u00eates du Serail<\/a><\/span><br \/><span style=\"color: #ff6600;\">\u25b6\ufe0f <a style=\"color: #ff6600;\" href=\"https:\/\/youtu.be\/gk3wZXFfIcA\" target=\"_blank\" rel=\"noopener\">Beethoven Sinfonie Nr. 5, c-Moll, Op.67<\/a><\/span><\/p><p>Das Europa-Konzert wurde am 01.05.25 im <a href=\"https:\/\/rnf.de\" target=\"_blank\" rel=\"noopener\">RNF<\/a> gesendet.<\/p>\t\t\t\t\t\t\t\t<\/div>\n\t\t\t\t<\/div>\n\t\t<div class=\"elementor-element elementor-element-5edbe8dc e-con-full e-flex e-con e-child\" data-id=\"5edbe8dc\" data-element_type=\"container\" data-e-type=\"container\" data-settings=\"{&quot;background_background&quot;:&quot;classic&quot;}\">\n\t\t\t\t<\/div>\n\t\t\t\t<\/div>\n\t\t\t\t<\/div>","protected":false},"excerpt":{"rendered":"<p>Pressestimmen EYOA 2025 Radio-Reportagen Beitrag von SWR-Redakteur Wolfgang Kessel in SWR Kulturvom 17.04.25 Beitrag von SWR-Redakteur Wolfgang Kessel in SWR [&hellip;]<\/p>\n","protected":false},"author":1,"featured_media":0,"parent":4282,"menu_order":0,"comment_status":"closed","ping_status":"closed","template":"","meta":{"_acf_changed":false,"site-sidebar-layout":"no-sidebar","site-content-layout":"","ast-site-content-layout":"full-width-container","site-content-style":"default","site-sidebar-style":"default","ast-global-header-display":"","ast-banner-title-visibility":"","ast-main-header-display":"","ast-hfb-above-header-display":"","ast-hfb-below-header-display":"","ast-hfb-mobile-header-display":"","site-post-title":"disabled","ast-breadcrumbs-content":"","ast-featured-img":"disabled","footer-sml-layout":"","ast-disable-related-posts":"","theme-transparent-header-meta":"","adv-header-id-meta":"","stick-header-meta":"","header-above-stick-meta":"","header-main-stick-meta":"","header-below-stick-meta":"","astra-migrate-meta-layouts":"default","ast-page-background-enabled":"default","ast-page-background-meta":{"desktop":{"background-color":"var(--ast-global-color-5)","background-image":"","background-repeat":"repeat","background-position":"center center","background-size":"auto","background-attachment":"scroll","background-type":"","background-media":"","overlay-type":"","overlay-color":"","overlay-opacity":"","overlay-gradient":""},"tablet":{"background-color":"","background-image":"","background-repeat":"repeat","background-position":"center center","background-size":"auto","background-attachment":"scroll","background-type":"","background-media":"","overlay-type":"","overlay-color":"","overlay-opacity":"","overlay-gradient":""},"mobile":{"background-color":"","background-image":"","background-repeat":"repeat","background-position":"center center","background-size":"auto","background-attachment":"scroll","background-type":"","background-media":"","overlay-type":"","overlay-color":"","overlay-opacity":"","overlay-gradient":""}},"ast-content-background-meta":{"desktop":{"background-color":"var(--ast-global-color-4)","background-image":"","background-repeat":"repeat","background-position":"center center","background-size":"auto","background-attachment":"scroll","background-type":"","background-media":"","overlay-type":"","overlay-color":"","overlay-opacity":"","overlay-gradient":""},"tablet":{"background-color":"var(--ast-global-color-4)","background-image":"","background-repeat":"repeat","background-position":"center center","background-size":"auto","background-attachment":"scroll","background-type":"","background-media":"","overlay-type":"","overlay-color":"","overlay-opacity":"","overlay-gradient":""},"mobile":{"background-color":"var(--ast-global-color-4)","background-image":"","background-repeat":"repeat","background-position":"center center","background-size":"auto","background-attachment":"scroll","background-type":"","background-media":"","overlay-type":"","overlay-color":"","overlay-opacity":"","overlay-gradient":""}},"footnotes":""},"class_list":["post-4376","page","type-page","status-publish","hentry"],"acf":[],"yoast_head":"<!-- This site is optimized with the Yoast SEO plugin v27.5 - https:\/\/yoast.com\/product\/yoast-seo-wordpress\/ -->\n<title>Pressestimmen - EYOA<\/title>\n<meta name=\"robots\" content=\"index, follow, max-snippet:-1, max-image-preview:large, max-video-preview:-1\" \/>\n<link rel=\"canonical\" href=\"https:\/\/eyoa.de\/en\/media\/pressestimmen\/\" \/>\n<meta property=\"og:locale\" content=\"en_GB\" \/>\n<meta property=\"og:type\" content=\"article\" \/>\n<meta property=\"og:title\" content=\"Pressestimmen - EYOA\" \/>\n<meta property=\"og:description\" content=\"Pressestimmen EYOA 2025 Radio-Reportagen Beitrag von SWR-Redakteur Wolfgang Kessel in SWR Kulturvom 17.04.25 Beitrag von SWR-Redakteur Wolfgang Kessel in SWR [&hellip;]\" \/>\n<meta property=\"og:url\" content=\"https:\/\/eyoa.de\/en\/media\/pressestimmen\/\" \/>\n<meta property=\"og:site_name\" content=\"EYOA\" \/>\n<meta property=\"article:modified_time\" content=\"2026-03-26T08:42:12+00:00\" \/>\n<meta property=\"og:image\" content=\"https:\/\/eyoa.de\/wp-content\/uploads\/2025\/10\/mauge_rnf.png\" \/>\n\t<meta property=\"og:image:width\" content=\"600\" \/>\n\t<meta property=\"og:image:height\" content=\"337\" \/>\n\t<meta property=\"og:image:type\" content=\"image\/png\" \/>\n<meta name=\"twitter:card\" content=\"summary_large_image\" \/>\n<meta name=\"twitter:label1\" content=\"Estimated reading time\" \/>\n\t<meta name=\"twitter:data1\" content=\"3 minutes\" \/>\n<script type=\"application\/ld+json\" class=\"yoast-schema-graph\">{\"@context\":\"https:\\\/\\\/schema.org\",\"@graph\":[{\"@type\":\"WebPage\",\"@id\":\"https:\\\/\\\/eyoa.de\\\/media\\\/pressestimmen\\\/\",\"url\":\"https:\\\/\\\/eyoa.de\\\/media\\\/pressestimmen\\\/\",\"name\":\"Pressestimmen - EYOA\",\"isPartOf\":{\"@id\":\"https:\\\/\\\/eyoa.de\\\/#website\"},\"primaryImageOfPage\":{\"@id\":\"https:\\\/\\\/eyoa.de\\\/media\\\/pressestimmen\\\/#primaryimage\"},\"image\":{\"@id\":\"https:\\\/\\\/eyoa.de\\\/media\\\/pressestimmen\\\/#primaryimage\"},\"thumbnailUrl\":\"https:\\\/\\\/eyoa.de\\\/wp-content\\\/uploads\\\/2025\\\/10\\\/mauge_rnf.png\",\"datePublished\":\"2025-12-10T15:41:15+00:00\",\"dateModified\":\"2026-03-26T08:42:12+00:00\",\"breadcrumb\":{\"@id\":\"https:\\\/\\\/eyoa.de\\\/media\\\/pressestimmen\\\/#breadcrumb\"},\"inLanguage\":\"en-GB\",\"potentialAction\":[{\"@type\":\"ReadAction\",\"target\":[\"https:\\\/\\\/eyoa.de\\\/media\\\/pressestimmen\\\/\"]}]},{\"@type\":\"ImageObject\",\"inLanguage\":\"en-GB\",\"@id\":\"https:\\\/\\\/eyoa.de\\\/media\\\/pressestimmen\\\/#primaryimage\",\"url\":\"https:\\\/\\\/eyoa.de\\\/wp-content\\\/uploads\\\/2025\\\/10\\\/mauge_rnf.png\",\"contentUrl\":\"https:\\\/\\\/eyoa.de\\\/wp-content\\\/uploads\\\/2025\\\/10\\\/mauge_rnf.png\"},{\"@type\":\"BreadcrumbList\",\"@id\":\"https:\\\/\\\/eyoa.de\\\/media\\\/pressestimmen\\\/#breadcrumb\",\"itemListElement\":[{\"@type\":\"ListItem\",\"position\":1,\"name\":\"Startseite\",\"item\":\"https:\\\/\\\/eyoa.de\\\/\"},{\"@type\":\"ListItem\",\"position\":2,\"name\":\"Media\",\"item\":\"https:\\\/\\\/eyoa.de\\\/media\\\/\"},{\"@type\":\"ListItem\",\"position\":3,\"name\":\"Pressestimmen\"}]},{\"@type\":\"WebSite\",\"@id\":\"https:\\\/\\\/eyoa.de\\\/#website\",\"url\":\"https:\\\/\\\/eyoa.de\\\/\",\"name\":\"EYOA\",\"description\":\"European Youth Orchestra Academy\",\"potentialAction\":[{\"@type\":\"SearchAction\",\"target\":{\"@type\":\"EntryPoint\",\"urlTemplate\":\"https:\\\/\\\/eyoa.de\\\/?s={search_term_string}\"},\"query-input\":{\"@type\":\"PropertyValueSpecification\",\"valueRequired\":true,\"valueName\":\"search_term_string\"}}],\"inLanguage\":\"en-GB\"}]}<\/script>\n<!-- \/ Yoast SEO plugin. -->","yoast_head_json":{"title":"Pressestimmen - EYOA","robots":{"index":"index","follow":"follow","max-snippet":"max-snippet:-1","max-image-preview":"max-image-preview:large","max-video-preview":"max-video-preview:-1"},"canonical":"https:\/\/eyoa.de\/en\/media\/pressestimmen\/","og_locale":"en_GB","og_type":"article","og_title":"Pressestimmen - EYOA","og_description":"Pressestimmen EYOA 2025 Radio-Reportagen Beitrag von SWR-Redakteur Wolfgang Kessel in SWR Kulturvom 17.04.25 Beitrag von SWR-Redakteur Wolfgang Kessel in SWR [&hellip;]","og_url":"https:\/\/eyoa.de\/en\/media\/pressestimmen\/","og_site_name":"EYOA","article_modified_time":"2026-03-26T08:42:12+00:00","og_image":[{"width":600,"height":337,"url":"https:\/\/eyoa.de\/wp-content\/uploads\/2025\/10\/mauge_rnf.png","type":"image\/png"}],"twitter_card":"summary_large_image","twitter_misc":{"Estimated reading time":"3 minutes"},"schema":{"@context":"https:\/\/schema.org","@graph":[{"@type":"WebPage","@id":"https:\/\/eyoa.de\/media\/pressestimmen\/","url":"https:\/\/eyoa.de\/media\/pressestimmen\/","name":"Pressestimmen - EYOA","isPartOf":{"@id":"https:\/\/eyoa.de\/#website"},"primaryImageOfPage":{"@id":"https:\/\/eyoa.de\/media\/pressestimmen\/#primaryimage"},"image":{"@id":"https:\/\/eyoa.de\/media\/pressestimmen\/#primaryimage"},"thumbnailUrl":"https:\/\/eyoa.de\/wp-content\/uploads\/2025\/10\/mauge_rnf.png","datePublished":"2025-12-10T15:41:15+00:00","dateModified":"2026-03-26T08:42:12+00:00","breadcrumb":{"@id":"https:\/\/eyoa.de\/media\/pressestimmen\/#breadcrumb"},"inLanguage":"en-GB","potentialAction":[{"@type":"ReadAction","target":["https:\/\/eyoa.de\/media\/pressestimmen\/"]}]},{"@type":"ImageObject","inLanguage":"en-GB","@id":"https:\/\/eyoa.de\/media\/pressestimmen\/#primaryimage","url":"https:\/\/eyoa.de\/wp-content\/uploads\/2025\/10\/mauge_rnf.png","contentUrl":"https:\/\/eyoa.de\/wp-content\/uploads\/2025\/10\/mauge_rnf.png"},{"@type":"BreadcrumbList","@id":"https:\/\/eyoa.de\/media\/pressestimmen\/#breadcrumb","itemListElement":[{"@type":"ListItem","position":1,"name":"Startseite","item":"https:\/\/eyoa.de\/"},{"@type":"ListItem","position":2,"name":"Media","item":"https:\/\/eyoa.de\/media\/"},{"@type":"ListItem","position":3,"name":"Pressestimmen"}]},{"@type":"WebSite","@id":"https:\/\/eyoa.de\/#website","url":"https:\/\/eyoa.de\/","name":"EYOA","description":"European Youth Orchestra Academy","potentialAction":[{"@type":"SearchAction","target":{"@type":"EntryPoint","urlTemplate":"https:\/\/eyoa.de\/?s={search_term_string}"},"query-input":{"@type":"PropertyValueSpecification","valueRequired":true,"valueName":"search_term_string"}}],"inLanguage":"en-GB"}]}},"_links":{"self":[{"href":"https:\/\/eyoa.de\/en\/wp-json\/wp\/v2\/pages\/4376","targetHints":{"allow":["GET"]}}],"collection":[{"href":"https:\/\/eyoa.de\/en\/wp-json\/wp\/v2\/pages"}],"about":[{"href":"https:\/\/eyoa.de\/en\/wp-json\/wp\/v2\/types\/page"}],"author":[{"embeddable":true,"href":"https:\/\/eyoa.de\/en\/wp-json\/wp\/v2\/users\/1"}],"replies":[{"embeddable":true,"href":"https:\/\/eyoa.de\/en\/wp-json\/wp\/v2\/comments?post=4376"}],"version-history":[{"count":64,"href":"https:\/\/eyoa.de\/en\/wp-json\/wp\/v2\/pages\/4376\/revisions"}],"predecessor-version":[{"id":6829,"href":"https:\/\/eyoa.de\/en\/wp-json\/wp\/v2\/pages\/4376\/revisions\/6829"}],"up":[{"embeddable":true,"href":"https:\/\/eyoa.de\/en\/wp-json\/wp\/v2\/pages\/4282"}],"wp:attachment":[{"href":"https:\/\/eyoa.de\/en\/wp-json\/wp\/v2\/media?parent=4376"}],"curies":[{"name":"wp","href":"https:\/\/api.w.org\/{rel}","templated":true}]}}